{"id":28,"date":"2025-07-23T18:04:23","date_gmt":"2025-07-23T21:04:23","guid":{"rendered":"https:\/\/www4.fo.usp.br\/site\/protocolos-manuais-clinica\/?page_id=28"},"modified":"2025-10-13T16:13:00","modified_gmt":"2025-10-13T19:13:00","slug":"home","status":"publish","type":"page","link":"https:\/\/www4.fo.usp.br\/site\/protocolos-manuais-clinica\/","title":{"rendered":"HOME"},"content":{"rendered":"\t\t<div data-elementor-type=\"wp-page\" data-elementor-id=\"28\" class=\"elementor elementor-28\">\n\t\t\t\t<div class=\"elementor-element elementor-element-d046604 e-con-full e-flex e-con e-parent\" data-id=\"d046604\" data-element_type=\"container\" data-e-type=\"container\">\n\t\t<div class=\"elementor-element elementor-element-331966d e-flex e-con-boxed e-con e-child\" data-id=\"331966d\" data-element_type=\"container\" data-e-type=\"container\">\n\t\t\t\t\t<div class=\"e-con-inner\">\n\t\t\t\t<div class=\"elementor-element elementor-element-f73bc22 elementor-align-center elementor-widget elementor-widget-button\" data-id=\"f73bc22\" data-element_type=\"widget\" data-e-type=\"widget\" data-widget_type=\"button.default\">\n\t\t\t\t\t\t\t\t\t\t<a class=\"elementor-button elementor-button-link elementor-size-sm\" href=\"https:\/\/docs.google.com\/forms\/d\/e\/1FAIpQLSeHHoUdhCJS33NUfAu7JAf4p75LHVsfrFjw6zerhDPgPbZ-Tw\/viewform\">\n\t\t\t\t\t\t<span class=\"elementor-button-content-wrapper\">\n\t\t\t\t\t\t<span class=\"elementor-button-icon\">\n\t\t\t\t<svg aria-hidden=\"true\" class=\"e-font-icon-svg e-fas-box-tissue\" viewBox=\"0 0 512 512\" xmlns=\"http:\/\/www.w3.org\/2000\/svg\"><path d=\"M383.88,287.82l64-192H338.47a70.2,70.2,0,0,1-66.59-48,70.21,70.21,0,0,0-66.6-48H63.88l64,288Zm-384,192a32,32,0,0,0,32,32h448a32,32,0,0,0,32-32v-64H-.12Zm480-256H438.94l-21.33,64h14.27a16,16,0,0,1,0,32h-352a16,16,0,1,1,0-32H95.09l-14.22-64h-49a32,32,0,0,0-32,32v128h512v-128A32,32,0,0,0,479.88,223.82Z\"><\/path><\/svg>\t\t\t<\/span>\n\t\t\t\t\t\t\t\t\t<span class=\"elementor-button-text\">Formul\u00e1rio de Sugest\u00f5es e Atualiza\u00e7\u00f5es de Documentos Institucionais<\/span>\n\t\t\t\t\t<\/span>\n\t\t\t\t\t<\/a>\n\t\t\t\t\t\t\t\t<\/div>\n\t\t\t\t\t<\/div>\n\t\t\t\t<\/div>\n\t\t\t\t<div class=\"elementor-element elementor-element-8ce47e0 elementor-widget elementor-widget-heading\" data-id=\"8ce47e0\" data-element_type=\"widget\" data-e-type=\"widget\" data-widget_type=\"heading.default\">\n\t\t\t\t\t<h1 class=\"elementor-heading-title elementor-size-default\">Manual<\/h1>\t\t\t\t<\/div>\n\t\t\t\t<div class=\"elementor-element elementor-element-0fd0ea8 elementor-widget elementor-widget-heading\" data-id=\"0fd0ea8\" data-element_type=\"widget\" data-e-type=\"widget\" data-widget_type=\"heading.default\">\n\t\t\t\t\t<h1 class=\"elementor-heading-title elementor-size-default\">Procedimento Operacional Padr\u00e3o<\/h1>\t\t\t\t<\/div>\n\t\t\t\t<div class=\"elementor-element elementor-element-4a4313c elementor-widget__width-inherit elementor-widget elementor-widget-wp-widget-tag_cloud\" data-id=\"4a4313c\" data-element_type=\"widget\" data-e-type=\"widget\" data-widget_type=\"wp-widget-tag_cloud.default\">\n\t\t\t\t<div class=\"elementor-widget-container\">\n\t\t\t\t\t<h5>Nuvem de Tags<\/h5><div class=\"tagcloud\"><a href=\"https:\/\/www4.fo.usp.br\/site\/protocolos-manuais-clinica\/tag\/acidente-com-perfurocortantes\/\" class=\"tag-cloud-link tag-link-103 tag-link-position-1\" style=\"font-size: 8pt;\" aria-label=\"ACIDENTE COM PERFUROCORTANTES (1 item)\">ACIDENTE COM PERFUROCORTANTES<\/a>\n<a href=\"https:\/\/www4.fo.usp.br\/site\/protocolos-manuais-clinica\/tag\/acompanhamento-do-plano-de-cuidado-dos-pacientes\/\" class=\"tag-cloud-link tag-link-114 tag-link-position-2\" style=\"font-size: 8pt;\" aria-label=\"ACOMPANHAMENTO DO PLANO DE CUIDADO DOS PACIENTES (1 item)\">ACOMPANHAMENTO DO PLANO DE CUIDADO DOS PACIENTES<\/a>\n<a href=\"https:\/\/www4.fo.usp.br\/site\/protocolos-manuais-clinica\/tag\/apoio-ao-usuario\/\" class=\"tag-cloud-link tag-link-39 tag-link-position-3\" style=\"font-size: 15.411764705882pt;\" aria-label=\"Apoio ao Usu\u00e1rio (15 itens)\">Apoio ao Usu\u00e1rio<\/a>\n<a href=\"https:\/\/www4.fo.usp.br\/site\/protocolos-manuais-clinica\/tag\/arquivo-de-estudos-clinicos\/\" class=\"tag-cloud-link tag-link-81 tag-link-position-4\" style=\"font-size: 9.4823529411765pt;\" aria-label=\"ARQUIVO DE ESTUDOS CL\u00cdNICOS (2 itens)\">ARQUIVO DE ESTUDOS CL\u00cdNICOS<\/a>\n<a href=\"https:\/\/www4.fo.usp.br\/site\/protocolos-manuais-clinica\/tag\/atendimento-clinico-de-qualificacao\/\" class=\"tag-cloud-link tag-link-112 tag-link-position-5\" style=\"font-size: 8pt;\" aria-label=\"ATENDIMENTO CL\u00cdNICO DE QUALIFICA\u00c7\u00c3O (1 item)\">ATENDIMENTO CL\u00cdNICO DE QUALIFICA\u00c7\u00c3O<\/a>\n<a href=\"https:\/\/www4.fo.usp.br\/site\/protocolos-manuais-clinica\/tag\/atendimento-clinico-de-requalificacao\/\" class=\"tag-cloud-link tag-link-113 tag-link-position-6\" style=\"font-size: 8pt;\" aria-label=\"ATENDIMENTO CL\u00cdNICO DE REQUALIFICA\u00c7\u00c3O (1 item)\">ATENDIMENTO CL\u00cdNICO DE REQUALIFICA\u00c7\u00c3O<\/a>\n<a href=\"https:\/\/www4.fo.usp.br\/site\/protocolos-manuais-clinica\/tag\/auditoria-de-prontuario\/\" class=\"tag-cloud-link tag-link-117 tag-link-position-7\" style=\"font-size: 8pt;\" aria-label=\"AUDITORIA DE PRONTU\u00c1RIO (1 item)\">AUDITORIA DE PRONTU\u00c1RIO<\/a>\n<a href=\"https:\/\/www4.fo.usp.br\/site\/protocolos-manuais-clinica\/tag\/biosseguranca\/\" class=\"tag-cloud-link tag-link-85 tag-link-position-8\" style=\"font-size: 14.423529411765pt;\" aria-label=\"biosseguran\u00e7a (11 itens)\">biosseguran\u00e7a<\/a>\n<a href=\"https:\/\/www4.fo.usp.br\/site\/protocolos-manuais-clinica\/tag\/cape\/\" class=\"tag-cloud-link tag-link-47 tag-link-position-9\" style=\"font-size: 15pt;\" aria-label=\"CAPE (13 itens)\">CAPE<\/a>\n<a href=\"https:\/\/www4.fo.usp.br\/site\/protocolos-manuais-clinica\/tag\/cepec\/\" class=\"tag-cloud-link tag-link-69 tag-link-position-10\" style=\"font-size: 16.564705882353pt;\" aria-label=\"CEPEC (21 itens)\">CEPEC<\/a>\n<a href=\"https:\/\/www4.fo.usp.br\/site\/protocolos-manuais-clinica\/tag\/cirurgia\/\" class=\"tag-cloud-link tag-link-92 tag-link-position-11\" style=\"font-size: 13.352941176471pt;\" aria-label=\"CIRURGIA (8 itens)\">CIRURGIA<\/a>\n<a href=\"https:\/\/www4.fo.usp.br\/site\/protocolos-manuais-clinica\/tag\/cirurgias-seguras-com-lasers-de-alta-potencia\/\" class=\"tag-cloud-link tag-link-107 tag-link-position-12\" style=\"font-size: 8pt;\" aria-label=\"cirurgias seguras com lasers de alta pot\u00eancia (1 item)\">cirurgias seguras com lasers de alta pot\u00eancia<\/a>\n<a href=\"https:\/\/www4.fo.usp.br\/site\/protocolos-manuais-clinica\/tag\/cme\/\" class=\"tag-cloud-link tag-link-49 tag-link-position-13\" style=\"font-size: 11.952941176471pt;\" aria-label=\"CME (5 itens)\">CME<\/a>\n<a href=\"https:\/\/www4.fo.usp.br\/site\/protocolos-manuais-clinica\/tag\/consulta-de-alta\/\" class=\"tag-cloud-link tag-link-116 tag-link-position-14\" style=\"font-size: 8pt;\" aria-label=\"CONSULTA DE ALTA (1 item)\">CONSULTA DE ALTA<\/a>\n<a href=\"https:\/\/www4.fo.usp.br\/site\/protocolos-manuais-clinica\/tag\/criterios-de-alta-e-encaminhamento-externo\/\" class=\"tag-cloud-link tag-link-115 tag-link-position-15\" style=\"font-size: 8pt;\" aria-label=\"CRIT\u00c9RIOS DE ALTA E ENCAMINHAMENTO EXTERNO (1 item)\">CRIT\u00c9RIOS DE ALTA E ENCAMINHAMENTO EXTERNO<\/a>\n<a href=\"https:\/\/www4.fo.usp.br\/site\/protocolos-manuais-clinica\/tag\/declaracao-de-conformidade-e-autorizacao-para-diagnostico-e-proposicao-terapeutica\/\" class=\"tag-cloud-link tag-link-123 tag-link-position-16\" style=\"font-size: 8pt;\" aria-label=\"DECLARA\u00c7\u00c3O DE CONFORMIDADE E AUTORIZA\u00c7\u00c3O PARA DIAGN\u00d3STICO E PROPOSI\u00c7\u00c3O TERAP\u00caUTICA (1 item)\">DECLARA\u00c7\u00c3O DE CONFORMIDADE E AUTORIZA\u00c7\u00c3O PARA DIAGN\u00d3STICO E PROPOSI\u00c7\u00c3O TERAP\u00caUTICA<\/a>\n<a href=\"https:\/\/www4.fo.usp.br\/site\/protocolos-manuais-clinica\/tag\/dentistica\/\" class=\"tag-cloud-link tag-link-24 tag-link-position-17\" style=\"font-size: 9.4823529411765pt;\" aria-label=\"Dent\u00edstica (2 itens)\">Dent\u00edstica<\/a>\n<a href=\"https:\/\/www4.fo.usp.br\/site\/protocolos-manuais-clinica\/tag\/diagnostico-endodontico\/\" class=\"tag-cloud-link tag-link-28 tag-link-position-18\" style=\"font-size: 9.4823529411765pt;\" aria-label=\"DIAGN\u00d3STICO ENDOD\u00d4NTICO (2 itens)\">DIAGN\u00d3STICO ENDOD\u00d4NTICO<\/a>\n<a href=\"https:\/\/www4.fo.usp.br\/site\/protocolos-manuais-clinica\/tag\/diagnostico-periodontal\/\" class=\"tag-cloud-link tag-link-38 tag-link-position-19\" style=\"font-size: 9.4823529411765pt;\" aria-label=\"DIAGN\u00d3STICO PERIODONTAL (2 itens)\">DIAGN\u00d3STICO PERIODONTAL<\/a>\n<a href=\"https:\/\/www4.fo.usp.br\/site\/protocolos-manuais-clinica\/tag\/endodontia\/\" class=\"tag-cloud-link tag-link-27 tag-link-position-20\" style=\"font-size: 10.470588235294pt;\" aria-label=\"Endodontia (3 itens)\">Endodontia<\/a>\n<a href=\"https:\/\/www4.fo.usp.br\/site\/protocolos-manuais-clinica\/tag\/falha-na-documentacao-de-imunizacao\/\" class=\"tag-cloud-link tag-link-154 tag-link-position-21\" style=\"font-size: 8pt;\" aria-label=\"FALHA NA DOCUMENTA\u00c7\u00c3O DE IMUNIZA\u00c7\u00c3O (1 item)\">FALHA NA DOCUMENTA\u00c7\u00c3O DE IMUNIZA\u00c7\u00c3O<\/a>\n<a href=\"https:\/\/www4.fo.usp.br\/site\/protocolos-manuais-clinica\/tag\/ficha-clinica\/\" class=\"tag-cloud-link tag-link-121 tag-link-position-22\" style=\"font-size: 8pt;\" aria-label=\"FICHA CL\u00cdNICA (1 item)\">FICHA CL\u00cdNICA<\/a>\n<a href=\"https:\/\/www4.fo.usp.br\/site\/protocolos-manuais-clinica\/tag\/fluxo-de-entrada-e-atendimento-dos-pacientes\/\" class=\"tag-cloud-link tag-link-105 tag-link-position-23\" style=\"font-size: 8pt;\" aria-label=\"FLUXO DE ENTRADA E ATENDIMENTO DOS PACIENTES (1 item)\">FLUXO DE ENTRADA E ATENDIMENTO DOS PACIENTES<\/a>\n<a href=\"https:\/\/www4.fo.usp.br\/site\/protocolos-manuais-clinica\/tag\/lelo\/\" class=\"tag-cloud-link tag-link-104 tag-link-position-24\" style=\"font-size: 11.952941176471pt;\" aria-label=\"LELO (5 itens)\">LELO<\/a>\n<a href=\"https:\/\/www4.fo.usp.br\/site\/protocolos-manuais-clinica\/tag\/lideranca-2\/\" class=\"tag-cloud-link tag-link-130 tag-link-position-25\" style=\"font-size: 10.470588235294pt;\" aria-label=\"LIDERAN\u00c7A (3 itens)\">LIDERAN\u00c7A<\/a>\n<a href=\"https:\/\/www4.fo.usp.br\/site\/protocolos-manuais-clinica\/tag\/lideranca\/\" class=\"tag-cloud-link tag-link-22 tag-link-position-26\" style=\"font-size: 12.941176470588pt;\" aria-label=\"Lideran\u00e7a (7 itens)\">Lideran\u00e7a<\/a>\n<a href=\"https:\/\/www4.fo.usp.br\/site\/protocolos-manuais-clinica\/tag\/manual\/\" class=\"tag-cloud-link tag-link-21 tag-link-position-27\" style=\"font-size: 14.670588235294pt;\" aria-label=\"Manual (12 itens)\">Manual<\/a>\n<a href=\"https:\/\/www4.fo.usp.br\/site\/protocolos-manuais-clinica\/tag\/manual-institucional\/\" class=\"tag-cloud-link tag-link-127 tag-link-position-28\" style=\"font-size: 8pt;\" aria-label=\"MANUAL INSTITUCIONAL (1 item)\">MANUAL INSTITUCIONAL<\/a>\n<a href=\"https:\/\/www4.fo.usp.br\/site\/protocolos-manuais-clinica\/tag\/mbp\/\" class=\"tag-cloud-link tag-link-125 tag-link-position-29\" style=\"font-size: 15pt;\" aria-label=\"MBP (13 itens)\">MBP<\/a>\n<a href=\"https:\/\/www4.fo.usp.br\/site\/protocolos-manuais-clinica\/tag\/obtencao-do-termo-de-consentimento-livre-e-esclarecido-tcle\/\" class=\"tag-cloud-link tag-link-76 tag-link-position-30\" style=\"font-size: 8pt;\" aria-label=\"OBTEN\u00c7\u00c3O DO TERMO DE CONSENTIMENTO LIVRE E ESCLARECIDO (TCLE) (1 item)\">OBTEN\u00c7\u00c3O DO TERMO DE CONSENTIMENTO LIVRE E ESCLARECIDO (TCLE)<\/a>\n<a href=\"https:\/\/www4.fo.usp.br\/site\/protocolos-manuais-clinica\/tag\/perio\/\" class=\"tag-cloud-link tag-link-108 tag-link-position-31\" style=\"font-size: 8pt;\" aria-label=\"PERIO (1 item)\">PERIO<\/a>\n<a href=\"https:\/\/www4.fo.usp.br\/site\/protocolos-manuais-clinica\/tag\/periodontia\/\" class=\"tag-cloud-link tag-link-37 tag-link-position-32\" style=\"font-size: 11.294117647059pt;\" aria-label=\"Periodontia (4 itens)\">Periodontia<\/a>\n<a href=\"https:\/\/www4.fo.usp.br\/site\/protocolos-manuais-clinica\/tag\/politica-de-gestao-de-qualidade\/\" class=\"tag-cloud-link tag-link-135 tag-link-position-33\" style=\"font-size: 9.4823529411765pt;\" aria-label=\"POL\u00cdTICA DE GEST\u00c3O DE QUALIDADE (2 itens)\">POL\u00cdTICA DE GEST\u00c3O DE QUALIDADE<\/a>\n<a href=\"https:\/\/www4.fo.usp.br\/site\/protocolos-manuais-clinica\/tag\/politica-organizacional\/\" class=\"tag-cloud-link tag-link-129 tag-link-position-34\" style=\"font-size: 11.952941176471pt;\" aria-label=\"POL\u00cdTICA ORGANIZACIONAL (5 itens)\">POL\u00cdTICA ORGANIZACIONAL<\/a>\n<a href=\"https:\/\/www4.fo.usp.br\/site\/protocolos-manuais-clinica\/tag\/pop\/\" class=\"tag-cloud-link tag-link-23 tag-link-position-35\" style=\"font-size: 22pt;\" aria-label=\"POP (99 itens)\">POP<\/a>\n<a href=\"https:\/\/www4.fo.usp.br\/site\/protocolos-manuais-clinica\/tag\/radiologia\/\" class=\"tag-cloud-link tag-link-29 tag-link-position-36\" style=\"font-size: 13.352941176471pt;\" aria-label=\"Radiologia (8 itens)\">Radiologia<\/a>\n<a href=\"https:\/\/www4.fo.usp.br\/site\/protocolos-manuais-clinica\/tag\/saap\/\" class=\"tag-cloud-link tag-link-111 tag-link-position-37\" style=\"font-size: 15.247058823529pt;\" aria-label=\"SAAP (14 itens)\">SAAP<\/a>\n<a href=\"https:\/\/www4.fo.usp.br\/site\/protocolos-manuais-clinica\/tag\/seguranca-para-manuseio-dos-equipamentos-de-lasers-de-alta\/\" class=\"tag-cloud-link tag-link-106 tag-link-position-38\" style=\"font-size: 9.4823529411765pt;\" aria-label=\"SEGURAN\u00c7A PARA MANUSEIO DOS EQUIPAMENTOS DE LASERS DE ALTA (2 itens)\">SEGURAN\u00c7A PARA MANUSEIO DOS EQUIPAMENTOS DE LASERS DE ALTA<\/a>\n<a href=\"https:\/\/www4.fo.usp.br\/site\/protocolos-manuais-clinica\/tag\/sistema-romeu\/\" class=\"tag-cloud-link tag-link-118 tag-link-position-39\" style=\"font-size: 8pt;\" aria-label=\"SISTEMA ROMEU (1 item)\">SISTEMA ROMEU<\/a>\n<a href=\"https:\/\/www4.fo.usp.br\/site\/protocolos-manuais-clinica\/tag\/termo-de-alta-parcial-da-clinica-odontologica-da-fousp\/\" class=\"tag-cloud-link tag-link-124 tag-link-position-40\" style=\"font-size: 8pt;\" aria-label=\"TERMO DE ALTA PARCIAL DA CL\u00cdNICA ODONTOL\u00d3GICA DA FOUSP (1 item)\">TERMO DE ALTA PARCIAL DA CL\u00cdNICA ODONTOL\u00d3GICA DA FOUSP<\/a>\n<a href=\"https:\/\/www4.fo.usp.br\/site\/protocolos-manuais-clinica\/tag\/termo-de-ciencia\/\" class=\"tag-cloud-link tag-link-122 tag-link-position-41\" style=\"font-size: 8pt;\" aria-label=\"TERMO DE CI\u00caNCIA (1 item)\">TERMO DE CI\u00caNCIA<\/a>\n<a href=\"https:\/\/www4.fo.usp.br\/site\/protocolos-manuais-clinica\/tag\/termo-de-pactuacao\/\" class=\"tag-cloud-link tag-link-119 tag-link-position-42\" style=\"font-size: 8pt;\" aria-label=\"TERMO DE PACTUA\u00c7\u00c3O (1 item)\">TERMO DE PACTUA\u00c7\u00c3O<\/a>\n<a href=\"https:\/\/www4.fo.usp.br\/site\/protocolos-manuais-clinica\/tag\/tratamento-periodontal-cirurgico\/\" class=\"tag-cloud-link tag-link-110 tag-link-position-43\" style=\"font-size: 8pt;\" aria-label=\"TRATAMENTO PERIODONTAL CIR\u00daRGICO (1 item)\">TRATAMENTO PERIODONTAL CIR\u00daRGICO<\/a>\n<a href=\"https:\/\/www4.fo.usp.br\/site\/protocolos-manuais-clinica\/tag\/tratamento-periodontal-nao-cirurgico\/\" class=\"tag-cloud-link tag-link-109 tag-link-position-44\" style=\"font-size: 8pt;\" aria-label=\"TRATAMENTO PERIODONTAL N\u00c3O-CIR\u00daRGICO (1 item)\">TRATAMENTO PERIODONTAL N\u00c3O-CIR\u00daRGICO<\/a>\n<a href=\"https:\/\/www4.fo.usp.br\/site\/protocolos-manuais-clinica\/tag\/urgencia\/\" class=\"tag-cloud-link tag-link-143 tag-link-position-45\" style=\"font-size: 9.4823529411765pt;\" aria-label=\"URG\u00caNCIA (2 itens)\">URG\u00caNCIA<\/a><\/div>\n\t\t\t\t<\/div>\n\t\t\t\t<\/div>\n\t\t\t\t<\/div>\n\t\t\t\t<\/div>\n\t\t","protected":false},"excerpt":{"rendered":"<p>Formul\u00e1rio de Sugest\u00f5es e Atualiza\u00e7\u00f5es de Documentos Institucionais Manual Manual Institucional Manual de Boas Pr\u00e1ticas \u2013 \u00c1rea \u2013 URG\u00caNCIA \u2014 URG\u00caNCIA ODONTOL\u00d3GICA \u2013 MBP-URGEN-001 Manual de Boas Pr\u00e1ticas \u2013 \u00c1rea \u2013 SAAP \u2014 MBP-SAAP-001 Manual de Boas Pr\u00e1ticas \u2013 \u00c1rea \u2013 LIDERAN\u00c7A \u2014 N\u00daCLEO DE SEGURAN\u00c7A DO PACIENTE DA FOUSP \u2013 MBP-LIDER-003 Manual de Boas [&hellip;]<\/p>\n","protected":false},"author":1,"featured_media":0,"parent":0,"menu_order":0,"comment_status":"closed","ping_status":"closed","template":"","meta":{"footnotes":""},"class_list":["post-28","page","type-page","status-publish","hentry","entry"],"jetpack_sharing_enabled":true,"_links":{"self":[{"href":"https:\/\/www4.fo.usp.br\/site\/protocolos-manuais-clinica\/wp-json\/wp\/v2\/pages\/28","targetHints":{"allow":["GET"]}}],"collection":[{"href":"https:\/\/www4.fo.usp.br\/site\/protocolos-manuais-clinica\/wp-json\/wp\/v2\/pages"}],"about":[{"href":"https:\/\/www4.fo.usp.br\/site\/protocolos-manuais-clinica\/wp-json\/wp\/v2\/types\/page"}],"author":[{"embeddable":true,"href":"https:\/\/www4.fo.usp.br\/site\/protocolos-manuais-clinica\/wp-json\/wp\/v2\/users\/1"}],"replies":[{"embeddable":true,"href":"https:\/\/www4.fo.usp.br\/site\/protocolos-manuais-clinica\/wp-json\/wp\/v2\/comments?post=28"}],"version-history":[{"count":20,"href":"https:\/\/www4.fo.usp.br\/site\/protocolos-manuais-clinica\/wp-json\/wp\/v2\/pages\/28\/revisions"}],"predecessor-version":[{"id":840,"href":"https:\/\/www4.fo.usp.br\/site\/protocolos-manuais-clinica\/wp-json\/wp\/v2\/pages\/28\/revisions\/840"}],"wp:attachment":[{"href":"https:\/\/www4.fo.usp.br\/site\/protocolos-manuais-clinica\/wp-json\/wp\/v2\/media?parent=28"}],"curies":[{"name":"wp","href":"https:\/\/api.w.org\/{rel}","templated":true}]}}